{"id":520,"date":"2024-04-15T22:08:00","date_gmt":"2024-04-15T20:08:00","guid":{"rendered":"http:\/\/www.fsphysik.uni-tuebingen.de\/?page_id=520"},"modified":"2026-04-28T14:01:26","modified_gmt":"2026-04-28T12:01:26","slug":"home","status":"publish","type":"page","link":"https:\/\/www.fsphysik.uni-tuebingen.de\/","title":{"rendered":"Willkommen bei der Fachschaft Physik"},"content":{"rendered":"\n<div class=\"wp-block-group\"><div class=\"wp-block-group__inner-container is-layout-constrained wp-block-group-is-layout-constrained\">\n<p data-wp-editing=\"1\"><a href=\"https:\/\/www.fsphysik.uni-tuebingen.de\/wp-content\/uploads\/2025\/11\/Bild_Fachschaft_Physik-1.jpg\"><img loading=\"lazy\" decoding=\"async\" class=\"aligncenter  wp-image-1476\" src=\"https:\/\/www.fsphysik.uni-tuebingen.de\/wp-content\/uploads\/2025\/11\/Bild_Fachschaft_Physik-1-1024x526.jpg\" alt=\"\" width=\"582\" height=\"299\" srcset=\"https:\/\/www.fsphysik.uni-tuebingen.de\/wp-content\/uploads\/2025\/11\/Bild_Fachschaft_Physik-1-1024x526.jpg 1024w, https:\/\/www.fsphysik.uni-tuebingen.de\/wp-content\/uploads\/2025\/11\/Bild_Fachschaft_Physik-1-300x154.jpg 300w, https:\/\/www.fsphysik.uni-tuebingen.de\/wp-content\/uploads\/2025\/11\/Bild_Fachschaft_Physik-1-768x395.jpg 768w, https:\/\/www.fsphysik.uni-tuebingen.de\/wp-content\/uploads\/2025\/11\/Bild_Fachschaft_Physik-1-1536x790.jpg 1536w, https:\/\/www.fsphysik.uni-tuebingen.de\/wp-content\/uploads\/2025\/11\/Bild_Fachschaft_Physik-1-2048x1053.jpg 2048w\" sizes=\"auto, (max-width: 582px) 100vw, 582px\" \/><\/a>Wir sind eine offene Gruppe von Studentinnen und Studenten der Physik, die daran interessiert sind, das Studium im Sinne aller Studierenden zu gestalten und zu verbessern. Die Fachschaft ist die Interessensvertretung der Studierenden in verschiednen Gremien und ist somit vergleichbar zur SMV an einer Schule. Wir treffen uns einmal in der Woche in unserem Fachschaftszimmer, um zu diskutieren und \u00fcber aktuelle Themen im Studium zu beraten.<br>Wer bei uns mitmachen m\u00f6chte, kann dies jeder Zeit tun. Dazu kann man jederzeit ohne weitere Verpflichtungen vorbei schauen und seine Meinung und seine Ideen einbringen.<\/p>\n<p data-wp-editing=\"1\"><a href=\"https:\/\/zapf.wiki\/Die_Geschichte_der_Ente\" target=\"_blank\" rel=\"noopener\"><img loading=\"lazy\" decoding=\"async\" class=\"aligncenter wp-image-1210\" src=\"https:\/\/www.fsphysik.uni-tuebingen.de\/wp-content\/uploads\/2024\/04\/cropped-Aufkleber-Fachschaft-Physik_rund-300x300.png\" alt=\"\" width=\"237\" height=\"237\" srcset=\"https:\/\/www.fsphysik.uni-tuebingen.de\/wp-content\/uploads\/2024\/04\/cropped-Aufkleber-Fachschaft-Physik_rund-300x300.png 300w, https:\/\/www.fsphysik.uni-tuebingen.de\/wp-content\/uploads\/2024\/04\/cropped-Aufkleber-Fachschaft-Physik_rund-150x150.png 150w, https:\/\/www.fsphysik.uni-tuebingen.de\/wp-content\/uploads\/2024\/04\/cropped-Aufkleber-Fachschaft-Physik_rund.png 512w, https:\/\/www.fsphysik.uni-tuebingen.de\/wp-content\/uploads\/2024\/04\/cropped-Aufkleber-Fachschaft-Physik_rund-270x270.png 270w, https:\/\/www.fsphysik.uni-tuebingen.de\/wp-content\/uploads\/2024\/04\/cropped-Aufkleber-Fachschaft-Physik_rund-192x192.png 192w, https:\/\/www.fsphysik.uni-tuebingen.de\/wp-content\/uploads\/2024\/04\/cropped-Aufkleber-Fachschaft-Physik_rund-180x180.png 180w, https:\/\/www.fsphysik.uni-tuebingen.de\/wp-content\/uploads\/2024\/04\/cropped-Aufkleber-Fachschaft-Physik_rund-32x32.png 32w\" sizes=\"auto, (max-width: 237px) 100vw, 237px\" \/><\/a><\/p>\n<h4 data-wp-editing=\"1\"><strong>Wir machen unter anderem:<br><\/strong><\/h4>\n<ul>\n<li>Erstiarbeit: Erstih\u00fctte im Wintersemester, Erstikaffee, Kneipentour<\/li>\n<li>Mitarbeit in Gremien des Fachbereiches und der Fakult\u00e4t, um das Studium besser zu machen<\/li>\n<li>Wir mischen uns in die uniweite Hochschulpolitik ein und sind Teil der Fachschaftenvollversammlung, die als Stimme der Fachschaften im StudierendenRat sitzt. Dort geht es um Themen wie allgemeine Pr\u00fcfungsordnung, Verteilung von Geldern, Hilfe f\u00fcr studentische Gruppen usw.<\/li>\n<li>Wir veranstalten das <a href=\"https:\/\/www.fsphysik.uni-tuebingen.de\/?p=120\">Sommerfest<\/a> und immer wieder auch ein&nbsp;<a href=\"https:\/\/www.fsphysik.uni-tuebingen.de\/?p=1203\">Clubhausfest<\/a>!<\/li>\n<li>\u2026 und ganz allgemein sind wir da f\u00fcr <a href=\"https:\/\/www.fsphysik.uni-tuebingen.de\/?p=1231\">Fragen, Probleme<\/a> mit dem Studium oder auch einzelnen Professoren. Bei Problemen jeglicher Art kommt zu uns und specht uns an, wir haben immer ein offenes Ohr. Bei Bedarf k\u00f6nnen wir die Probleme anonym weiterleiten<\/li>\n<\/ul>\n<h4><a href=\"https:\/\/www.fsphysik.uni-tuebingen.de\/wp-content\/uploads\/2024\/09\/Fachschafts_Poster-scaled.jpg\"><img loading=\"lazy\" decoding=\"async\" class=\"aligncenter wp-image-1318\" src=\"https:\/\/www.fsphysik.uni-tuebingen.de\/wp-content\/uploads\/2024\/09\/Fachschafts_Poster-1024x724.jpg\" alt=\"\" width=\"400\" height=\"283\" srcset=\"https:\/\/www.fsphysik.uni-tuebingen.de\/wp-content\/uploads\/2024\/09\/Fachschafts_Poster-1024x724.jpg 1024w, https:\/\/www.fsphysik.uni-tuebingen.de\/wp-content\/uploads\/2024\/09\/Fachschafts_Poster-300x212.jpg 300w, https:\/\/www.fsphysik.uni-tuebingen.de\/wp-content\/uploads\/2024\/09\/Fachschafts_Poster-768x543.jpg 768w, https:\/\/www.fsphysik.uni-tuebingen.de\/wp-content\/uploads\/2024\/09\/Fachschafts_Poster-1536x1086.jpg 1536w, https:\/\/www.fsphysik.uni-tuebingen.de\/wp-content\/uploads\/2024\/09\/Fachschafts_Poster-2048x1449.jpg 2048w\" sizes=\"auto, (max-width: 400px) 100vw, 400px\" \/><\/a><strong>An die Erstis:<\/strong><\/h4>\n<ul>\n<li><a href=\"https:\/\/fsphysikunituebingen.wolkesicher.de\/s\/Aq6HGp6ymwzoiEw\" target=\"_blank\" rel=\"noopener\">Erstibrief<\/a><\/li>\n<li>Erstizeitschrift&nbsp;<a href=\"https:\/\/fsphysikunituebingen.wolkesicher.de\/s\/XX2FWTmkJ3mnaZd\" target=\"_blank\" rel=\"noopener\">h-quer<\/a><\/li>\n<li><a href=\"https:\/\/fsphysikunituebingen.wolkesicher.de\/index.php\/s\/KACMdypMDywrbf8\">Einf\u00fchrungspr\u00e4sentation<\/a> mit allen wichtigen QR-Codes<\/li>\n<li>Alle genauern Informationen sind hier zu finden: <a href=\"https:\/\/www.fsphysik.uni-tuebingen.de\/?p=86\">Erstsemesterveranstaltungen der Fachschaft<\/a><\/li>\n<\/ul>\n<h4><strong>Allgemeine wichtige Informationen:<\/strong><\/h4>\n<ul>\n<li>Informationen zu Pr\u00fcfungsprotokollen f\u00fcr die Vertiefungsfachpr\u00fcfung bzw. f\u00fcr die Synopsis im Lehramt findet ihr <a href=\"https:\/\/www.fsphysik.uni-tuebingen.de\/?p=103\">hier<\/a>\n<ul>\n<li>Unter dem Semester k\u00f6nnt ihr eigentlich immer einfach so an das Fachschaftzimmer kommen, da sollte immer jemand von uns da sein. In den Semesterferien schreibt uns am Besten eine E-Mail, dann k\u00f6nnen wir einen Termin ausmachen.<\/li>\n<\/ul>\n<\/li>\n<\/ul>\n<div class=\"post-single clearfix\">\n<h4>Aktuelle Termine f\u00fcr das Sommersemester 2026:<\/h4>\n<ul>\n<li>Clubhausfest: 11.06.26<\/li>\n<li>PhysikerInnen im Beruf:\n<ul>\n<li>Weitere Informationen auf <a href=\"https:\/\/www.fsphysik.uni-tuebingen.de\/?p=554\">Physiker im Beruf<\/a><\/li>\n<\/ul>\n<\/li>\n<\/ul>\n<h4><strong>Ihr erreicht uns auf folgenden Wegen:<\/strong><\/h4>\n<\/div>\n<ul>\n<li><strong>Sitzungstermin SoSe 2026: Mo 16 c.t. im Fachschaftszimmer<\/strong>\n<ul>\n<li>W\u00e4hrend der Semesterferien ist die Sitzung ausgesetzt, ihr erreicht uns aber immer per Mail oder auf dem Discord Server<\/li>\n<\/ul>\n<\/li>\n<li>Unser Fachschaftszimmer ist: <strong>Auf der Morgenstelle 14, Raum D3P33<\/strong> (einfach den D-Bau durch den Haupteingang betreten und dann gleich links)<\/li>\n<li>Unter der folgenden Adresse kann man sich in den studentischen Mailverteiler eintragen:<br><a href=\"https:\/\/listserv.uni-tuebingen.de\/mailman\/listinfo\/physik-studenten\/\">https:\/\/listserv.uni-tuebingen.de\/mailman\/listinfo\/physik-studenten\/ <\/a><\/li>\n<li>E-Mail:<a href=\"mailto:fsphysik@uni-tuebingen.de\" target=\"_blank\" rel=\"noopener\"> fsphysik@uni-tuebingen.de<\/a><\/li>\n<li><a href=\"https:\/\/instagram.com\/fachschaftphysiktuebingen?igshid=2b7lhbbce96k\" target=\"_blank\" rel=\"noopener noreferrer\">Instagram<\/a> (wichtige Informationen werden wir dort immer posten um euch auf dem Laufenden zu halten)<\/li>\n<li><a href=\"https:\/\/discord.gg\/b8ZvFHM\" target=\"_blank\" rel=\"noopener noreferrer\">Discord<\/a> (hier k\u00f6nnt ihr uns Fragen stellen und ihr habt die M\u00f6glichkeit in virtuellen \u00dcbungsr\u00e4umen zu lernen)<\/li>\n<\/ul>\n<\/div><\/div>\n","protected":false},"excerpt":{"rendered":"<p>Wir sind eine offene Gruppe von Studentinnen und Studenten der Physik, die daran interessiert sind, das Studium im Sinne aller Studierenden zu gestalten und zu verbessern. Die Fachschaft ist die &hellip; <a href=\"https:\/\/www.fsphysik.uni-tuebingen.de\/\" class=\"more-link\"><span class=\"screen-reader-text\">Willkommen bei der Fachschaft Physik<\/span> weiterlesen<\/a><\/p>\n","protected":false},"author":1,"featured_media":0,"parent":0,"menu_order":0,"comment_status":"closed","ping_status":"closed","template":"","meta":{"ngg_post_thumbnail":0,"footnotes":""},"class_list":["post-520","page","type-page","status-publish","hentry"],"_links":{"self":[{"href":"https:\/\/www.fsphysik.uni-tuebingen.de\/index.php?rest_route=\/wp\/v2\/pages\/520","targetHints":{"allow":["GET"]}}],"collection":[{"href":"https:\/\/www.fsphysik.uni-tuebingen.de\/index.php?rest_route=\/wp\/v2\/pages"}],"about":[{"href":"https:\/\/www.fsphysik.uni-tuebingen.de\/index.php?rest_route=\/wp\/v2\/types\/page"}],"author":[{"embeddable":true,"href":"https:\/\/www.fsphysik.uni-tuebingen.de\/index.php?rest_route=\/wp\/v2\/users\/1"}],"replies":[{"embeddable":true,"href":"https:\/\/www.fsphysik.uni-tuebingen.de\/index.php?rest_route=%2Fwp%2Fv2%2Fcomments&post=520"}],"version-history":[{"count":138,"href":"https:\/\/www.fsphysik.uni-tuebingen.de\/index.php?rest_route=\/wp\/v2\/pages\/520\/revisions"}],"predecessor-version":[{"id":1543,"href":"https:\/\/www.fsphysik.uni-tuebingen.de\/index.php?rest_route=\/wp\/v2\/pages\/520\/revisions\/1543"}],"wp:attachment":[{"href":"https:\/\/www.fsphysik.uni-tuebingen.de\/index.php?rest_route=%2Fwp%2Fv2%2Fmedia&parent=520"}],"curies":[{"name":"wp","href":"https:\/\/api.w.org\/{rel}","templated":true}]}}